{"id":4106,"date":"2024-11-27T04:07:10","date_gmt":"2024-11-27T03:07:10","guid":{"rendered":"https:\/\/meroipekseg.hu\/homepage\/"},"modified":"2025-05-23T09:25:20","modified_gmt":"2025-05-23T07:25:20","slug":"homepage","status":"publish","type":"page","link":"https:\/\/meroipekseg.hu\/en\/","title":{"rendered":"Homepage"},"content":{"rendered":"<p>[et_pb_section fb_built=&#8221;1&#8243; _builder_version=&#8221;4.27.0&#8243; _module_preset=&#8221;default&#8221; background_color=&#8221;gcid-45a60c54-6be3-4492-89df-3517860a73ae&#8221; width=&#8221;1920px&#8221; max_width=&#8221;100%&#8221; module_alignment=&#8221;center&#8221; custom_margin=&#8221;0px|0px|0px|0px|false|false&#8221; custom_padding=&#8221;0px|0px|0px|0px|false|false&#8221; global_colors_info=&#8221;{%22gcid-45a60c54-6be3-4492-89df-3517860a73ae%22:%91%22background_color%22%93}&#8221;][et_pb_row _builder_version=&#8221;4.20.4&#8243; _module_preset=&#8221;default&#8221; width=&#8221;92%&#8221; max_width=&#8221;100%&#8221; module_alignment=&#8221;center&#8221; custom_margin=&#8221;0px|0px|0px|0px|false|false&#8221; custom_padding=&#8221;0px|0px|0px|0px|false|false&#8221; global_colors_info=&#8221;{}&#8221;][et_pb_column type=&#8221;4_4&#8243; _builder_version=&#8221;4.20.4&#8243; _module_preset=&#8221;default&#8221; global_colors_info=&#8221;{}&#8221;][et_pb_text module_class=&#8221;force-new-design-2024-bold-600&#8243; _builder_version=&#8221;4.27.0&#8243; _module_preset=&#8221;default&#8221; text_font=&#8221;Amatic SC||||||||&#8221; text_text_color=&#8221;gcid-7298e043-b164-403e-be51-fb0f2abfe24a&#8221; text_font_size=&#8221;61px&#8221; text_letter_spacing=&#8221;8px&#8221; header_font=&#8221;Amatic SC|||on|||||&#8221; header_text_color=&#8221;gcid-7298e043-b164-403e-be51-fb0f2abfe24a&#8221; header_font_size=&#8221;61px&#8221; header_letter_spacing=&#8221;8px&#8221; header_line_height=&#8221;64px&#8221; text_orientation=&#8221;center&#8221; module_alignment=&#8221;center&#8221; custom_margin=&#8221;50px|0px|0px|0px|false|false&#8221; custom_padding=&#8221;0px|0px|0px|0px|false|false&#8221; text_font_size_tablet=&#8221;40px&#8221; text_font_size_phone=&#8221;31px&#8221; text_font_size_last_edited=&#8221;on|phone&#8221; header_font_size_tablet=&#8221;50px&#8221; header_font_size_phone=&#8221;40px&#8221; header_font_size_last_edited=&#8221;on|phone&#8221; header_line_height_tablet=&#8221;55px&#8221; header_line_height_phone=&#8221;45px&#8221; header_line_height_last_edited=&#8221;on|desktop&#8221; custom_css_main_element=&#8221;line-height:70px !important;||padding-bottom:0px !important;||font-weight:600 !important;&#8221; global_colors_info=&#8221;{%22gcid-7298e043-b164-403e-be51-fb0f2abfe24a%22:%91%22text_text_color%22,%22header_text_color%22%93}&#8221;]<\/p>\n<h1>FRESH EVERY DAY, DELICIOUS EVERY TIME!<\/h1>\n<p>[\/et_pb_text][et_pb_button button_url=&#8221;https:\/\/meroipekseg.hu\/en\/our-products\/&#8221; button_text=&#8221; DISCOVER OUR DELICACIES!&#8221; button_alignment=&#8221;center&#8221; _builder_version=&#8221;4.27.4&#8243; _module_preset=&#8221;default&#8221; custom_button=&#8221;on&#8221; button_text_size=&#8221;45px&#8221; button_text_color=&#8221;#FFFFFF&#8221; button_bg_color=&#8221;gcid-7298e043-b164-403e-be51-fb0f2abfe24a&#8221; button_border_width=&#8221;0px&#8221; button_border_color=&#8221;#FFFFFF&#8221; button_border_radius=&#8221;19px&#8221; button_letter_spacing=&#8221;2px&#8221; button_font=&#8221;Roboto Flex|||on|||||&#8221; button_use_icon=&#8221;off&#8221; custom_margin=&#8221;100px||30px||false|false&#8221; custom_margin_tablet=&#8221;70px||||false|false&#8221; custom_margin_phone=&#8221;50px||||false|false&#8221; custom_margin_last_edited=&#8221;on|phone&#8221; button_text_size_tablet=&#8221;25px&#8221; button_text_size_phone=&#8221;20px&#8221; button_text_size_last_edited=&#8221;on|phone&#8221; global_colors_info=&#8221;{%22gcid-7298e043-b164-403e-be51-fb0f2abfe24a%22:%91%22button_bg_color%22%93,%22gcid-c000dc6f-8037-4ece-9cc6-3c19d9fa9958%22:%91%22button_text_color__hover%22%93}&#8221; button_text_color__hover_enabled=&#8221;on|desktop&#8221; button_text_color__hover=&#8221;#ffed00&#8243;][\/et_pb_button][et_pb_image src=&#8221;https:\/\/meroipekseg.hu\/wp-content\/uploads\/2024\/11\/torta-meroi-svg.png&#8221; title_text=&#8221;torta-meroi-svg&#8221; align=&#8221;center&#8221; _builder_version=&#8221;4.27.0&#8243; _module_preset=&#8221;default&#8221; max_width=&#8221;260px&#8221; custom_margin=&#8221;50px||50px||false|false&#8221; global_colors_info=&#8221;{}&#8221;][\/et_pb_image][\/et_pb_column][\/et_pb_row][et_pb_row _builder_version=&#8221;4.27.0&#8243; _module_preset=&#8221;default&#8221; background_color=&#8221;gcid-45a60c54-6be3-4492-89df-3517860a73ae&#8221; width=&#8221;100%&#8221; max_width=&#8221;100%&#8221; module_alignment=&#8221;center&#8221; custom_margin=&#8221;0px|0px|0px|0px|false|false&#8221; custom_padding=&#8221;0px|0px|0px|0px|false|false&#8221; global_colors_info=&#8221;{%22gcid-45a60c54-6be3-4492-89df-3517860a73ae%22:%91%22background_color%22%93}&#8221;][et_pb_column type=&#8221;4_4&#8243; _builder_version=&#8221;4.20.4&#8243; _module_preset=&#8221;default&#8221; global_colors_info=&#8221;{}&#8221;][et_pb_image src=&#8221;https:\/\/meroipekseg.hu\/wp-content\/uploads\/2024\/12\/Meroi-rozsos-kenyer-maggal-szort-scaled.jpg&#8221; alt=&#8221;Our products, rolls, unpackaged breads, packaged, sliced  breads&#8221; title_text=&#8221;M\u00e9r\u0151i rozsos keny\u00e9r, maggal sz\u00f3rt&#8221; align=&#8221;center&#8221; _builder_version=&#8221;4.27.4&#8243; _module_preset=&#8221;default&#8221; max_width=&#8221;90%&#8221; module_alignment=&#8221;center&#8221; custom_margin=&#8221;0px|0px|0px|0px|false|false&#8221; custom_padding=&#8221;0px|0px|0px|0px|false|false&#8221; global_colors_info=&#8221;{}&#8221;][\/et_pb_image][\/et_pb_column][\/et_pb_row][\/et_pb_section][et_pb_section fb_built=&#8221;1&#8243; _builder_version=&#8221;4.27.0&#8243; _module_preset=&#8221;default&#8221; background_color=&#8221;gcid-45a60c54-6be3-4492-89df-3517860a73ae&#8221; width=&#8221;1920px&#8221; max_width=&#8221;100%&#8221; module_alignment=&#8221;center&#8221; custom_margin=&#8221;0px|0px|0px|0px|false|false&#8221; custom_padding=&#8221;0px|0px|0px|0px|false|false&#8221; global_colors_info=&#8221;{%22gcid-45a60c54-6be3-4492-89df-3517860a73ae%22:%91%22background_color%22%93}&#8221;][et_pb_row _builder_version=&#8221;4.20.4&#8243; _module_preset=&#8221;default&#8221; width=&#8221;92%&#8221; max_width=&#8221;100%&#8221; module_alignment=&#8221;center&#8221; custom_margin=&#8221;0px|0px|0px|0px|false|false&#8221; custom_padding=&#8221;0px|0px|0px|0px|false|false&#8221; global_colors_info=&#8221;{}&#8221;][et_pb_column type=&#8221;4_4&#8243; _builder_version=&#8221;4.20.4&#8243; _module_preset=&#8221;default&#8221; global_colors_info=&#8221;{}&#8221;][\/et_pb_column][\/et_pb_row][et_pb_row column_structure=&#8221;1_3,1_3,1_3&#8243; custom_padding_last_edited=&#8221;on|phone&#8221; _builder_version=&#8221;4.27.0&#8243; _module_preset=&#8221;default&#8221; width=&#8221;92%&#8221; max_width=&#8221;100%&#8221; module_alignment=&#8221;center&#8221; custom_margin=&#8221;0px|0px|0px|0px|false|false&#8221; custom_padding=&#8221;40px|0px|100px|0px|false|false&#8221; custom_padding_tablet=&#8221;30px||||false|false&#8221; custom_padding_phone=&#8221;30px||||false|false&#8221; global_colors_info=&#8221;{}&#8221;][et_pb_column type=&#8221;1_3&#8243; _builder_version=&#8221;4.20.4&#8243; _module_preset=&#8221;default&#8221; global_colors_info=&#8221;{}&#8221;][et_pb_text _builder_version=&#8221;4.27.4&#8243; _module_preset=&#8221;default&#8221; text_font=&#8221;Roboto Flex|||on|||||&#8221; text_text_color=&#8221;gcid-7298e043-b164-403e-be51-fb0f2abfe24a&#8221; text_font_size=&#8221;33px&#8221; header_text_color=&#8221;#FFFFFF&#8221; text_orientation=&#8221;center&#8221; module_alignment=&#8221;center&#8221; custom_margin=&#8221;0px|0px|0px|0px|false|false&#8221; custom_padding=&#8221;0px|0px|0px|0px|false|false&#8221; link_option_url=&#8221;https:\/\/meroipekseg.hu\/en\/bakery-products\/&#8221; text_font_size_tablet=&#8221;28px&#8221; text_font_size_phone=&#8221;25px&#8221; text_font_size_last_edited=&#8221;on|phone&#8221; background_layout_last_edited=&#8221;off|desktop&#8221; custom_css_main_element=&#8221;line-height:70px !important;||padding-bottom:0px !important;&#8221; text_text_shadow_style=&#8221;preset1&#8243; text_text_shadow_horizontal_length=&#8221;-0.01em&#8221; text_text_shadow_vertical_length=&#8221;0em&#8221; text_text_shadow_blur_strength=&#8221;0em&#8221; text_text_shadow_blur_strength_last_edited=&#8221;off|desktop&#8221; header_text_shadow_style=&#8221;preset1&#8243; global_colors_info=&#8221;{%22gcid-7298e043-b164-403e-be51-fb0f2abfe24a%22:%91%22text_text_color%22%93,%22gcid-c000dc6f-8037-4ece-9cc6-3c19d9fa9958%22:%91%22text_text_color__hover%22%93}&#8221; text_text_color__hover_enabled=&#8221;on|hover&#8221; text_text_color__hover=&#8221;#ffed00&#8243; background_layout__hover_enabled=&#8221;off|hover&#8221; background_layout__hover=&#8221;light&#8221; text_text_shadow_blur_strength__hover_enabled=&#8221;on|hover&#8221; text_text_shadow_blur_strength__hover=&#8221;0.13em&#8221;]<\/p>\n<p>Bakery products<\/p>\n<p>[\/et_pb_text][et_pb_image src=&#8221;https:\/\/meroipekseg.hu\/wp-content\/uploads\/2024\/11\/Honlap_meroi-26-e1732679725536.jpg&#8221; alt=&#8221;Bakery products&#8221; title_text=&#8221;Bakery products&#8221; url=&#8221;https:\/\/meroipekseg.hu\/en\/bakery-products\/&#8221; align=&#8221;center&#8221; _builder_version=&#8221;4.27.4&#8243; _module_preset=&#8221;default&#8221; max_width=&#8221;427px&#8221; module_alignment=&#8221;center&#8221; custom_margin=&#8221;0px|0px|0px|0px|false|false&#8221; custom_padding=&#8221;0px|0px|0px|0px|false|false&#8221; border_radii=&#8221;on|20px|20px|20px|20px&#8221; border_width_all=&#8221;8px&#8221; border_color_all=&#8221;gcid-7298e043-b164-403e-be51-fb0f2abfe24a&#8221; border_color_all_last_edited=&#8221;off|desktop&#8221; global_colors_info=&#8221;{%22gcid-7298e043-b164-403e-be51-fb0f2abfe24a%22:%91%22border_color_all%22%93,%22gcid-c000dc6f-8037-4ece-9cc6-3c19d9fa9958%22:%91%22border_color_all__hover%22%93}&#8221; border_color_all__hover_enabled=&#8221;on|hover&#8221; border_color_all__hover=&#8221;#ffed00&#8243;][\/et_pb_image][\/et_pb_column][et_pb_column type=&#8221;1_3&#8243; _builder_version=&#8221;4.20.4&#8243; _module_preset=&#8221;default&#8221; global_colors_info=&#8221;{}&#8221;][et_pb_text _builder_version=&#8221;4.27.4&#8243; _module_preset=&#8221;default&#8221; text_font=&#8221;Roboto Flex|||on|||||&#8221; text_text_color=&#8221;gcid-7298e043-b164-403e-be51-fb0f2abfe24a&#8221; text_font_size=&#8221;33px&#8221; header_text_color=&#8221;#FFFFFF&#8221; text_orientation=&#8221;center&#8221; module_alignment=&#8221;center&#8221; custom_margin=&#8221;0px|0px|0px|0px|false|false&#8221; custom_padding=&#8221;0px|0px|0px|0px|false|false&#8221; link_option_url=&#8221;https:\/\/meroipekseg.hu\/en\/pastry-products\/&#8221; text_font_size_tablet=&#8221;28px&#8221; text_font_size_phone=&#8221;25px&#8221; text_font_size_last_edited=&#8221;on|phone&#8221; background_layout_last_edited=&#8221;off|desktop&#8221; custom_css_main_element=&#8221;line-height:70px !important;||padding-bottom:0px !important;&#8221; text_text_shadow_style=&#8221;preset1&#8243; text_text_shadow_horizontal_length=&#8221;-0.01em&#8221; text_text_shadow_vertical_length=&#8221;0em&#8221; text_text_shadow_blur_strength=&#8221;0em&#8221; text_text_shadow_blur_strength_last_edited=&#8221;off|desktop&#8221; header_text_shadow_style=&#8221;preset1&#8243; global_colors_info=&#8221;{%22gcid-7298e043-b164-403e-be51-fb0f2abfe24a%22:%91%22text_text_color%22%93,%22gcid-c000dc6f-8037-4ece-9cc6-3c19d9fa9958%22:%91%22text_text_color__hover%22%93}&#8221; text_text_color__hover_enabled=&#8221;on|hover&#8221; text_text_color__hover=&#8221;#ffed00&#8243; background_layout__hover_enabled=&#8221;off|hover&#8221; background_layout__hover=&#8221;light&#8221; text_text_shadow_blur_strength__hover_enabled=&#8221;on|hover&#8221; text_text_shadow_blur_strength__hover=&#8221;0.13em&#8221;]<\/p>\n<p>Pastry products<\/p>\n<p>[\/et_pb_text][et_pb_image src=&#8221;https:\/\/meroipekseg.hu\/wp-content\/uploads\/2024\/11\/Honlap_meroi-30-scaled-e1732679790246.jpg&#8221; alt=&#8221;Pastry products&#8221; title_text=&#8221;Pastry products&#8221; url=&#8221;https:\/\/meroipekseg.hu\/en\/pastry-products\/&#8221; align=&#8221;center&#8221; _builder_version=&#8221;4.27.4&#8243; _module_preset=&#8221;default&#8221; max_width=&#8221;427px&#8221; module_alignment=&#8221;center&#8221; custom_margin=&#8221;0px|0px|0px|0px|false|false&#8221; custom_padding=&#8221;0px|0px|0px|0px|false|false&#8221; border_radii=&#8221;on|20px|20px|20px|20px&#8221; border_width_all=&#8221;8px&#8221; border_color_all=&#8221;gcid-7298e043-b164-403e-be51-fb0f2abfe24a&#8221; global_colors_info=&#8221;{%22gcid-7298e043-b164-403e-be51-fb0f2abfe24a%22:%91%22border_color_all%22%93,%22gcid-c000dc6f-8037-4ece-9cc6-3c19d9fa9958%22:%91%22border_color_all__hover%22%93}&#8221; border_color_all__hover_enabled=&#8221;on|hover&#8221; border_color_all__hover=&#8221;#ffed00&#8243;][\/et_pb_image][\/et_pb_column][et_pb_column type=&#8221;1_3&#8243; _builder_version=&#8221;4.20.4&#8243; _module_preset=&#8221;default&#8221; global_colors_info=&#8221;{}&#8221;][et_pb_text _builder_version=&#8221;4.27.4&#8243; _module_preset=&#8221;default&#8221; text_font=&#8221;Roboto Flex|||on|||||&#8221; text_text_color=&#8221;gcid-7298e043-b164-403e-be51-fb0f2abfe24a&#8221; text_font_size=&#8221;33px&#8221; header_text_color=&#8221;#FFFFFF&#8221; text_orientation=&#8221;center&#8221; module_alignment=&#8221;center&#8221; custom_margin=&#8221;0px|0px|0px|0px|false|false&#8221; custom_padding=&#8221;0px|0px|0px|0px|false|false&#8221; link_option_url=&#8221;https:\/\/meroipekseg.hu\/en\/breadcrumbs\/&#8221; text_font_size_tablet=&#8221;28px&#8221; text_font_size_phone=&#8221;25px&#8221; text_font_size_last_edited=&#8221;on|phone&#8221; background_layout_last_edited=&#8221;off|desktop&#8221; custom_css_main_element=&#8221;line-height:70px !important;||padding-bottom:0px !important;&#8221; text_text_shadow_style=&#8221;preset1&#8243; text_text_shadow_horizontal_length=&#8221;-0.01em&#8221; text_text_shadow_vertical_length=&#8221;0em&#8221; text_text_shadow_blur_strength=&#8221;0em&#8221; text_text_shadow_blur_strength_last_edited=&#8221;off|desktop&#8221; header_text_shadow_style=&#8221;preset1&#8243; global_colors_info=&#8221;{%22gcid-7298e043-b164-403e-be51-fb0f2abfe24a%22:%91%22text_text_color%22%93,%22gcid-c000dc6f-8037-4ece-9cc6-3c19d9fa9958%22:%91%22text_text_color__hover%22%93}&#8221; text_text_color__hover_enabled=&#8221;on|hover&#8221; text_text_color__hover=&#8221;#ffed00&#8243; background_layout__hover_enabled=&#8221;off|hover&#8221; background_layout__hover=&#8221;light&#8221; text_text_shadow_blur_strength__hover_enabled=&#8221;on|hover&#8221; text_text_shadow_blur_strength__hover=&#8221;0.13em&#8221;]<\/p>\n<p>Breadcrumbs<\/p>\n<p>[\/et_pb_text][et_pb_image src=&#8221;https:\/\/meroipekseg.hu\/wp-content\/uploads\/2024\/11\/Honlap_meroi-18-e1732679833674.jpg&#8221; alt=&#8221;Breadcrumbs&#8221; title_text=&#8221;Breadcrumbs&#8221; url=&#8221;https:\/\/meroipekseg.hu\/en\/breadcrumbs\/&#8221; align=&#8221;center&#8221; _builder_version=&#8221;4.27.4&#8243; _module_preset=&#8221;default&#8221; max_width=&#8221;427px&#8221; module_alignment=&#8221;center&#8221; custom_margin=&#8221;0px|0px|0px|0px|false|false&#8221; custom_padding=&#8221;0px|0px|0px|0px|false|false&#8221; border_radii=&#8221;on|20px|20px|20px|20px&#8221; border_width_all=&#8221;8px&#8221; border_color_all=&#8221;gcid-7298e043-b164-403e-be51-fb0f2abfe24a&#8221; global_colors_info=&#8221;{%22gcid-7298e043-b164-403e-be51-fb0f2abfe24a%22:%91%22border_color_all%22%93,%22gcid-c000dc6f-8037-4ece-9cc6-3c19d9fa9958%22:%91%22border_color_all__hover%22%93}&#8221; border_color_all__hover_enabled=&#8221;on|hover&#8221; border_color_all__hover=&#8221;#ffed00&#8243;][\/et_pb_image][\/et_pb_column][\/et_pb_row][\/et_pb_section][et_pb_section fb_built=&#8221;1&#8243; _builder_version=&#8221;4.27.0&#8243; _module_preset=&#8221;default&#8221; background_color=&#8221;gcid-45a60c54-6be3-4492-89df-3517860a73ae&#8221; width=&#8221;1920px&#8221; max_width=&#8221;100%&#8221; module_alignment=&#8221;center&#8221; custom_margin=&#8221;0px|0px|0px|0px|false|false&#8221; custom_padding=&#8221;0px|0px|0px|0px|false|false&#8221; global_colors_info=&#8221;{%22gcid-45a60c54-6be3-4492-89df-3517860a73ae%22:%91%22background_color%22%93}&#8221;][et_pb_row _builder_version=&#8221;4.20.4&#8243; _module_preset=&#8221;default&#8221; width=&#8221;92%&#8221; max_width=&#8221;100%&#8221; module_alignment=&#8221;center&#8221; custom_margin=&#8221;0px|0px|0px|0px|false|false&#8221; custom_padding=&#8221;0px|0px|0px|0px|false|false&#8221; global_colors_info=&#8221;{}&#8221;][et_pb_column type=&#8221;4_4&#8243; _builder_version=&#8221;4.20.4&#8243; _module_preset=&#8221;default&#8221; global_colors_info=&#8221;{}&#8221;][et_pb_text _builder_version=&#8221;4.27.0&#8243; _module_preset=&#8221;default&#8221; text_font=&#8221;Amatic SC||||||||&#8221; text_text_color=&#8221;gcid-7298e043-b164-403e-be51-fb0f2abfe24a&#8221; text_font_size=&#8221;61px&#8221; text_letter_spacing=&#8221;8px&#8221; header_text_color=&#8221;#FFFFFF&#8221; text_orientation=&#8221;center&#8221; module_alignment=&#8221;center&#8221; custom_margin=&#8221;60px|0px|30px|0px|false|false&#8221; custom_padding=&#8221;0px|0px|0px|0px|false|false&#8221; text_font_size_tablet=&#8221;40px&#8221; text_font_size_phone=&#8221;31px&#8221; text_font_size_last_edited=&#8221;on|phone&#8221; custom_css_main_element=&#8221;line-height:70px !important;||padding-bottom:0px !important;||font-weight:600;&#8221; global_colors_info=&#8221;{%22gcid-7298e043-b164-403e-be51-fb0f2abfe24a%22:%91%22text_text_color%22%93}&#8221;]<\/p>\n<p>Get in Touch With Us!<\/p>\n<p>[\/et_pb_text][et_pb_code module_class=&#8221;fooldal-kontakt-form-blokk&#8221; _builder_version=&#8221;4.27.0&#8243; _module_preset=&#8221;default&#8221; text_orientation=&#8221;center&#8221; width=&#8221;1017px&#8221; max_width=&#8221;100%&#8221; module_alignment=&#8221;center&#8221; custom_margin=&#8221;0px|0px|0px|0px|false|false&#8221; custom_padding=&#8221;50px|0px|100px|0px|false|false&#8221; global_colors_info=&#8221;{}&#8221;]\n<div class=\"wpcf7 no-js\" id=\"wpcf7-f4159-o1\" lang=\"en-US\" dir=\"ltr\" data-wpcf7-id=\"4159\">\n<div class=\"screen-reader-response\"><p role=\"status\" aria-live=\"polite\" aria-atomic=\"true\"><\/p> <ul><\/ul><\/div>\n<form action=\"\/en\/wp-json\/wp\/v2\/pages\/4106#wpcf7-f4159-o1\" method=\"post\" class=\"wpcf7-form init\" aria-label=\"Contact form\" novalidate=\"novalidate\" data-status=\"init\">\n<fieldset class=\"hidden-fields-container\"><input type=\"hidden\" name=\"_wpcf7\" value=\"4159\" \/><input type=\"hidden\" name=\"_wpcf7_version\" value=\"6.1.5\" \/><input type=\"hidden\" name=\"_wpcf7_locale\" value=\"en_US\" \/><input type=\"hidden\" name=\"_wpcf7_unit_tag\" value=\"wpcf7-f4159-o1\" \/><input type=\"hidden\" name=\"_wpcf7_container_post\" value=\"0\" \/><input type=\"hidden\" name=\"_wpcf7_posted_data_hash\" value=\"\" \/>\n<\/fieldset>\n<fieldset>\n\t<p><span class=\"wpcf7-form-control-wrap\" data-name=\"text-583\"><input size=\"40\" maxlength=\"400\" class=\"wpcf7-form-control wpcf7-text wpcf7-validates-as-required\" aria-required=\"true\" aria-invalid=\"false\" placeholder=\"NAME\" value=\"\" type=\"text\" name=\"text-583\" \/><\/span><span class=\"wpcf7-form-control-wrap\" data-name=\"email-947\"><input size=\"40\" maxlength=\"400\" class=\"wpcf7-form-control wpcf7-email wpcf7-validates-as-required wpcf7-text wpcf7-validates-as-email\" aria-required=\"true\" aria-invalid=\"false\" placeholder=\"EMAIL\" value=\"\" type=\"email\" name=\"email-947\" \/><\/span>\n\t<\/p>\n<\/fieldset>\n<div class=\"kontakt-form-multicontainer\">\n\t<fieldset>\n\t\t<p><span class=\"wpcf7-form-control-wrap\" data-name=\"textarea-138\"><textarea cols=\"40\" rows=\"10\" maxlength=\"2000\" class=\"wpcf7-form-control wpcf7-textarea wpcf7-validates-as-required\" aria-required=\"true\" aria-invalid=\"false\" placeholder=\"YOUR MESSAGE\" name=\"textarea-138\"><\/textarea><\/span>\n\t\t<\/p>\n\t<\/fieldset>\n\t<p><input class=\"wpcf7-form-control wpcf7-submit has-spinner et_pb_button et_pb_button_1 et_pb_bg_layout_light btn-centered\" type=\"submit\" value=\"Send\" \/>\n\t<\/p>\n<\/div>\n<p><span style=\"color:#EE7216;float:left;margin-top:10px;font-weight:600;\" class=\"fooldal-kontakt-extra-text\">By sending your message, you accept our Privacy Policy.<\/span><a href=\"https:\/\/meroipekseg.hu\/en\/privacy-policy\/\" target=\"_blank\" style=\"text-decoration:none;color:#EE7216;float:right;margin-top:10px;font-weight:600;\" class=\"fooldal-kontakt-extra-text\">[Read our Privacy Policy]<\/a>\n<\/p><div class=\"wpcf7-response-output\" aria-hidden=\"true\"><\/div>\n<\/form>\n<\/div>\n[\/et_pb_code][\/et_pb_column][\/et_pb_row][\/et_pb_section]<\/p>\n","protected":false},"excerpt":{"rendered":"<p>FRESH EVERY DAY, DELICIOUS EVERY TIME!Bakery productsPastry productsBreadcrumbsGet in Touch With Us!\n<div class=\"wpcf7 no-js\" id=\"wpcf7-f4159-o2\" lang=\"en-US\" dir=\"ltr\" data-wpcf7-id=\"4159\">\n<div class=\"screen-reader-response\"><p role=\"status\" aria-live=\"polite\" aria-atomic=\"true\"><\/p> <ul><\/ul><\/div>\n<form action=\"\/en\/wp-json\/wp\/v2\/pages\/4106#wpcf7-f4159-o2\" method=\"post\" class=\"wpcf7-form init\" aria-label=\"Contact form\" novalidate=\"novalidate\" data-status=\"init\">\n<fieldset class=\"hidden-fields-container\"><input type=\"hidden\" name=\"_wpcf7\" value=\"4159\" \/><input type=\"hidden\" name=\"_wpcf7_version\" value=\"6.1.5\" \/><input type=\"hidden\" name=\"_wpcf7_locale\" value=\"en_US\" \/><input type=\"hidden\" name=\"_wpcf7_unit_tag\" value=\"wpcf7-f4159-o2\" \/><input type=\"hidden\" name=\"_wpcf7_container_post\" value=\"0\" \/><input type=\"hidden\" name=\"_wpcf7_posted_data_hash\" value=\"\" \/>\n<\/fieldset>\n<fieldset>\n\t<p><span class=\"wpcf7-form-control-wrap\" data-name=\"text-583\"><input size=\"40\" maxlength=\"400\" class=\"wpcf7-form-control wpcf7-text wpcf7-validates-as-required\" aria-required=\"true\" aria-invalid=\"false\" placeholder=\"NAME\" value=\"\" type=\"text\" name=\"text-583\" \/><\/span><span class=\"wpcf7-form-control-wrap\" data-name=\"email-947\"><input size=\"40\" maxlength=\"400\" class=\"wpcf7-form-control wpcf7-email wpcf7-validates-as-required wpcf7-text wpcf7-validates-as-email\" aria-required=\"true\" aria-invalid=\"false\" placeholder=\"EMAIL\" value=\"\" type=\"email\" name=\"email-947\" \/><\/span>\n\t<\/p>\n<\/fieldset>\n<div class=\"kontakt-form-multicontainer\">\n\t<fieldset>\n\t\t<p><span class=\"wpcf7-form-control-wrap\" data-name=\"textarea-138\"><textarea cols=\"40\" rows=\"10\" maxlength=\"2000\" class=\"wpcf7-form-control wpcf7-textarea wpcf7-validates-as-required\" aria-required=\"true\" aria-invalid=\"false\" placeholder=\"YOUR MESSAGE\" name=\"textarea-138\"><\/textarea><\/span>\n\t\t<\/p>\n\t<\/fieldset>\n\t<p><input class=\"wpcf7-form-control wpcf7-submit has-spinner et_pb_button et_pb_button_1 et_pb_bg_layout_light btn-centered\" type=\"submit\" value=\"Send\" \/>\n\t<\/p>\n<\/div>\n<p><span style=\"color:#EE7216;float:left;margin-top:10px;font-weight:600;\" class=\"fooldal-kontakt-extra-text\">By sending your message, you accept our Privacy Policy.<\/span><a href=\"https:\/\/meroipekseg.hu\/en\/privacy-policy\/\" target=\"_blank\" style=\"text-decoration:none;color:#EE7216;float:right;margin-top:10px;font-weight:600;\" class=\"fooldal-kontakt-extra-text\">[Read our Privacy Policy]<\/a>\n<\/p><div class=\"wpcf7-response-output\" aria-hidden=\"true\"><\/div>\n<\/form>\n<\/div>\n<\/p>\n","protected":false},"author":2,"featured_media":0,"parent":0,"menu_order":0,"comment_status":"closed","ping_status":"closed","template":"","meta":{"_et_pb_use_builder":"on","_et_pb_old_content":"","_et_gb_content_width":"","om_disable_all_campaigns":false,"_monsterinsights_skip_tracking":false,"_monsterinsights_sitenote_active":false,"_monsterinsights_sitenote_note":"","_monsterinsights_sitenote_category":0,"footnotes":""},"class_list":["post-4106","page","type-page","status-publish","hentry"],"aioseo_notices":[],"_links":{"self":[{"href":"https:\/\/meroipekseg.hu\/en\/wp-json\/wp\/v2\/pages\/4106","targetHints":{"allow":["GET"]}}],"collection":[{"href":"https:\/\/meroipekseg.hu\/en\/wp-json\/wp\/v2\/pages"}],"about":[{"href":"https:\/\/meroipekseg.hu\/en\/wp-json\/wp\/v2\/types\/page"}],"author":[{"embeddable":true,"href":"https:\/\/meroipekseg.hu\/en\/wp-json\/wp\/v2\/users\/2"}],"replies":[{"embeddable":true,"href":"https:\/\/meroipekseg.hu\/en\/wp-json\/wp\/v2\/comments?post=4106"}],"version-history":[{"count":10,"href":"https:\/\/meroipekseg.hu\/en\/wp-json\/wp\/v2\/pages\/4106\/revisions"}],"predecessor-version":[{"id":4276,"href":"https:\/\/meroipekseg.hu\/en\/wp-json\/wp\/v2\/pages\/4106\/revisions\/4276"}],"wp:attachment":[{"href":"https:\/\/meroipekseg.hu\/en\/wp-json\/wp\/v2\/media?parent=4106"}],"curies":[{"name":"wp","href":"https:\/\/api.w.org\/{rel}","templated":true}]}}